{"id":40,"date":"2020-06-29T01:07:03","date_gmt":"2020-06-29T01:07:03","guid":{"rendered":"http:\/\/centrodata.com.br\/site\/?page_id=40"},"modified":"2021-01-14T20:14:37","modified_gmt":"2021-01-14T23:14:37","slug":"institucional","status":"publish","type":"page","link":"https:\/\/centrodata.com.br\/site\/institucional\/","title":{"rendered":"INSTITUCIONAL"},"content":{"rendered":"<p>[et_pb_section admin_label=&#8221;section&#8221;]<br \/>\n\t\t\t[et_pb_row admin_label=&#8221;row&#8221;]<br \/>\n\t\t\t\t[et_pb_column type=&#8221;4_4&#8243;][et_pb_text admin_label=&#8221;Text&#8221;]<\/p>\n<h3>\n\t\t\t\t\t(48) 3263-4087<br \/>\n\t\t\t\t<\/h3>\n<h3>\n\t\t\t\t\tcomercial@centrodata.com.br<br \/>\n\t\t\t\t<\/h3>\n<p>\t\t\t\t\t\t\t\t\t\t\t<a href=\"http:\/\/centrodata.com.br\/site\"><br \/>\n\t\t\t\t\t\t\t<img data-recalc-dims=\"1\" loading=\"lazy\" decoding=\"async\" width=\"339\" height=\"60\" src=\"https:\/\/i0.wp.com\/centrodata.com.br\/site\/wp-content\/uploads\/2020\/06\/centrodata-sistemas.png?resize=339%2C60\" alt=\"\" srcset=\"http:\/\/centrodata.com.br\/site\/wp-content\/uploads\/2020\/06\/centrodata-sistemas.png 339w, http:\/\/centrodata.com.br\/site\/wp-content\/uploads\/2020\/06\/centrodata-sistemas-300x53.png 300w\" sizes=\"(max-width: 339px) 100vw, 339px\" \/>\t\t\t\t\t\t\t\t<\/a><\/p>\n<nav data-toggle-icon=\"fas fa-align-justify fa-solid\" data-close-icon=\"far fa-window-close fa-regular\" data-full-width=\"yes\">\n<ul id=\"menu-1-f4f1c65\">\n<li id=\"menu-item-13\"><a href=\"http:\/\/centrodata.com.br\/site\/\" class = \"hfe-menu-item\">HOME<\/a><\/li>\n<li id=\"menu-item-14\"><a href=\"http:\/\/centrodata.com.br\/site\/institucional\/\" class = \"hfe-menu-item\">INSTITUCIONAL<\/a><\/li>\n<li id=\"menu-item-15\"><a href=\"http:\/\/centrodata.com.br\/site\/sistema-de-gestao\/\" class = \"hfe-menu-item\">SISTEMA DE GEST\u00c3O<\/a><\/li>\n<li id=\"menu-item-16\"><a href=\"#informativo\" class = \"hfe-menu-item\">INFORMATIVO<\/a><\/li>\n<li id=\"menu-item-17\"><a href=\"http:\/\/centrodata.com.br\/site\/contato-e-download\" class = \"hfe-menu-item\">CONTATO E DOWNLOAD<\/a><\/li>\n<li id=\"menu-item-18\"><a href=\"http:\/\/centrodata.com.br\/site\/faq\/\" class = \"hfe-menu-item\">FAQ<\/a><\/li>\n<\/ul>\n<\/nav>\n<h2>INSTITUCIONAL<\/h2>\n<h2>Sistemas ERP<\/h2>\n<p>Desenvolvimento de sistemas de gest\u00e3o empresarial<\/p>\n<h2>O Futuro<\/h2>\n<p>N\u00f3s preparamos sua empresa para o futuro<\/p>\n<h2>Sistemas e Servi\u00e7os<\/h2>\n<p>Oferecemos um conjunto de sistemas e servi\u00e7os ideais ideais para a gest\u00e3o de cada empresa<\/p>\n<h2>Sobre n\u00f3s<\/h2>\n<p>Fundada em 18 de dezembro de 2007, a CENTRODATA SISTEMAS \u00e9 uma empresa catarinense que atua em Tijucas e regi\u00e3o com o desenvolvimento de sistemas de gest\u00e3o empresarial, tamb\u00e9m conhecido como ERP.<\/p>\n<p>A Centrodata Sistemas prepara sua empresa para o futuro, transformando dados operacionais em informa\u00e7\u00f5es gerenciais para uma tomada de decis\u00e3o mais segura e precisa.<\/p>\n<p>Por meio de intensa an\u00e1lise, conhecimento e identifica\u00e7\u00e3o da real necessidade do cliente, a Centrodata oferece o conjunto de sistemas e servi\u00e7os ideais para a gest\u00e3o de cada empresa.<\/p>\n<p>As solu\u00e7\u00f5es Centrodata foram desenvolvidas com estruturas modulares e flex\u00edveis, para facilitar a tomada de decis\u00e3o e resultar em ganhos de produtividade e rentabilidade para a sua empresa.<\/p>\n<p><strong>Miss\u00e3o<\/strong><\/p>\n<p>Desenvolver um software que agregue resultados e que ofere\u00e7a maior facilidade ao cliente para tomar decis\u00f5es no dia a dia do seu neg\u00f3cio.<\/p>\n<p><strong>Vis\u00e3o<\/strong><\/p>\n<p>Ser reconhecida como uma das melhores empresas de desenvolvimento de software da regi\u00e3o atrav\u00e9s de um sistema de alta qualidade e de uma equipe capacitada e comprometida.<\/p>\n<p><strong>Valores<\/strong><\/p>\n<p>Honestidade, simplicidade e inova\u00e7\u00e3o.<\/p>\n<p>\u00a0\t\t<\/p>\n<h2>Copyright \u00a9 2014 &#8211; Todos os Direitos Reservados &#8211; Centrodata &#8211; Sistemas e Automa\u00e7\u00e3o | by W3 FLEX<\/h2>\n<p>[\/et_pb_text][\/et_pb_column]<br \/>\n\t\t\t[\/et_pb_row]<br \/>\n\t\t[\/et_pb_section]<\/p>\n","protected":false},"excerpt":{"rendered":"<p>(48) 3263-4087 comercial@centrodata.com.br HOME INSTITUCIONAL SISTEMA DE GEST\u00c3O INFORMATIVO CONTATO E DOWNLOAD FAQ INSTITUCIONAL Sistemas ERP Desenvolvimento de sistemas de gest\u00e3o empresarial O Futuro N\u00f3s preparamos sua empresa para o futuro Sistemas e Servi\u00e7os Oferecemos um conjunto de sistemas e servi\u00e7os ideais ideais para a gest\u00e3o de cada empresa Sobre n\u00f3s Fundada em 18 de [&hellip;]<\/p>\n","protected":false},"author":1,"featured_media":0,"parent":0,"menu_order":0,"comment_status":"closed","ping_status":"closed","template":"","meta":{"_et_pb_use_builder":"on","_et_pb_old_content":"<h3>\n\t\t\t\t\t(48) 3263-4087\n\t\t\t\t<\/h3>\n\t\t\t\t<h3>\n\t\t\t\t\tcomercial@centrodata.com.br\n\t\t\t\t<\/h3>\n\t\t\t\t\t\t\t\t\t\t\t<a href=\"http:\/\/centrodata.com.br\/site\">\n\t\t\t\t\t\t\t<img width=\"339\" height=\"60\" src=\"http:\/\/centrodata.com.br\/site\/wp-content\/uploads\/2020\/06\/centrodata-sistemas.png\" alt=\"\" srcset=\"http:\/\/centrodata.com.br\/site\/wp-content\/uploads\/2020\/06\/centrodata-sistemas.png 339w, http:\/\/centrodata.com.br\/site\/wp-content\/uploads\/2020\/06\/centrodata-sistemas-300x53.png 300w\" sizes=\"(max-width: 339px) 100vw, 339px\" \/>\t\t\t\t\t\t\t\t<\/a>\n\t\t\t\t<nav data-toggle-icon=\"fas fa-align-justify fa-solid\" data-close-icon=\"far fa-window-close fa-regular\" data-full-width=\"yes\"><ul id=\"menu-1-f4f1c65\"><li id=\"menu-item-13\"><a href=\"http:\/\/centrodata.com.br\/site\/\" class = \"hfe-menu-item\">HOME<\/a><\/li>\n<li id=\"menu-item-14\"><a href=\"http:\/\/centrodata.com.br\/site\/institucional\/\" class = \"hfe-menu-item\">INSTITUCIONAL<\/a><\/li>\n<li id=\"menu-item-15\"><a href=\"http:\/\/centrodata.com.br\/site\/sistema-de-gestao\/\" class = \"hfe-menu-item\">SISTEMA DE GEST\u00c3O<\/a><\/li>\n<li id=\"menu-item-16\"><a href=\"#informativo\" class = \"hfe-menu-item\">INFORMATIVO<\/a><\/li>\n<li id=\"menu-item-17\"><a href=\"http:\/\/centrodata.com.br\/site\/contato-e-download\" class = \"hfe-menu-item\">CONTATO E DOWNLOAD<\/a><\/li>\n<li id=\"menu-item-18\"><a href=\"http:\/\/centrodata.com.br\/site\/faq\/\" class = \"hfe-menu-item\">FAQ<\/a><\/li>\n<\/ul><\/nav>              \n\t\t\t<h2>INSTITUCIONAL<\/h2>\t\t\n\t\t\t<h2>Sistemas ERP<\/h2>\t\t\n\t\t<p>Desenvolvimento de sistemas de gest\u00e3o empresarial<\/p>\t\t\n\t\t\t<h2>O Futuro<\/h2>\t\t\n\t\t<p>N\u00f3s preparamos sua empresa para o futuro<\/p>\t\t\n\t\t\t<h2>Sistemas e Servi\u00e7os<\/h2>\t\t\n\t\t<p>Oferecemos um conjunto de sistemas e servi\u00e7os ideais ideais para a gest\u00e3o de cada empresa<\/p>\t\t\n\t\t\t<h2>Sobre n\u00f3s<\/h2>\t\t\n\t\t<p>Fundada em 18 de dezembro de 2007, a CENTRODATA SISTEMAS \u00e9 uma empresa catarinense que atua em Tijucas e regi\u00e3o com o desenvolvimento de sistemas de gest\u00e3o empresarial, tamb\u00e9m conhecido como ERP.<\/p><p>A Centrodata Sistemas prepara sua empresa para o futuro, transformando dados operacionais em informa\u00e7\u00f5es gerenciais para uma tomada de decis\u00e3o mais segura e precisa.<\/p><p>Por meio de intensa an\u00e1lise, conhecimento e identifica\u00e7\u00e3o da real necessidade do cliente, a Centrodata oferece o conjunto de sistemas e servi\u00e7os ideais para a gest\u00e3o de cada empresa.<\/p><p>As solu\u00e7\u00f5es Centrodata foram desenvolvidas com estruturas modulares e flex\u00edveis, para facilitar a tomada de decis\u00e3o e resultar em ganhos de produtividade e rentabilidade para a sua empresa.<\/p><p><strong>Miss\u00e3o<\/strong><\/p><p>Desenvolver um software que agregue resultados e que ofere\u00e7a maior facilidade ao cliente para tomar decis\u00f5es no dia a dia do seu neg\u00f3cio.<\/p><p><strong>Vis\u00e3o<\/strong><\/p><p>Ser reconhecida como uma das melhores empresas de desenvolvimento de software da regi\u00e3o atrav\u00e9s de um sistema de alta qualidade e de uma equipe capacitada e comprometida.<\/p><p><strong>Valores<\/strong><\/p><p>Honestidade, simplicidade e inova\u00e7\u00e3o.<\/p>\u00a0\t\t\n\t\t\t<h2>Copyright \u00a9 2014 - Todos os Direitos Reservados - Centrodata - Sistemas e Automa\u00e7\u00e3o | by W3 FLEX<\/h2>","_et_gb_content_width":"","footnotes":""},"yoast_head":"<!-- This site is optimized with the Yoast SEO plugin v24.5 - https:\/\/yoast.com\/wordpress\/plugins\/seo\/ -->\n<title>INSTITUCIONAL - Centrodata Sistemas<\/title>\n<meta name=\"robots\" content=\"index, follow, max-snippet:-1, max-image-preview:large, max-video-preview:-1\" \/>\n<link rel=\"canonical\" href=\"https:\/\/centrodata.com.br\/site\/institucional\/\" \/>\n<meta property=\"og:locale\" content=\"pt_BR\" \/>\n<meta property=\"og:type\" content=\"article\" \/>\n<meta property=\"og:title\" content=\"INSTITUCIONAL - Centrodata Sistemas\" \/>\n<meta property=\"og:description\" content=\"(48) 3263-4087 comercial@centrodata.com.br HOME INSTITUCIONAL SISTEMA DE GEST\u00c3O INFORMATIVO CONTATO E DOWNLOAD FAQ INSTITUCIONAL Sistemas ERP Desenvolvimento de sistemas de gest\u00e3o empresarial O Futuro N\u00f3s preparamos sua empresa para o futuro Sistemas e Servi\u00e7os Oferecemos um conjunto de sistemas e servi\u00e7os ideais ideais para a gest\u00e3o de cada empresa Sobre n\u00f3s Fundada em 18 de [&hellip;]\" \/>\n<meta property=\"og:url\" content=\"https:\/\/centrodata.com.br\/site\/institucional\/\" \/>\n<meta property=\"og:site_name\" content=\"Centrodata Sistemas\" \/>\n<meta property=\"article:publisher\" content=\"https:\/\/www.instagram.com\/centrodatasistemas\/\" \/>\n<meta property=\"article:modified_time\" content=\"2021-01-14T23:14:37+00:00\" \/>\n<meta property=\"og:image\" content=\"http:\/\/centrodata.com.br\/site\/wp-content\/uploads\/2020\/06\/centrodata-sistemas.png\" \/>\n<meta name=\"twitter:card\" content=\"summary_large_image\" \/>\n<meta name=\"twitter:label1\" content=\"Est. tempo de leitura\" \/>\n\t<meta name=\"twitter:data1\" content=\"1 minuto\" \/>\n<script type=\"application\/ld+json\" class=\"yoast-schema-graph\">{\"@context\":\"https:\/\/schema.org\",\"@graph\":[{\"@type\":\"WebPage\",\"@id\":\"https:\/\/centrodata.com.br\/site\/institucional\/\",\"url\":\"https:\/\/centrodata.com.br\/site\/institucional\/\",\"name\":\"INSTITUCIONAL - Centrodata Sistemas\",\"isPartOf\":{\"@id\":\"https:\/\/centrodata.com.br\/site\/#website\"},\"primaryImageOfPage\":{\"@id\":\"https:\/\/centrodata.com.br\/site\/institucional\/#primaryimage\"},\"image\":{\"@id\":\"https:\/\/centrodata.com.br\/site\/institucional\/#primaryimage\"},\"thumbnailUrl\":\"http:\/\/centrodata.com.br\/site\/wp-content\/uploads\/2020\/06\/centrodata-sistemas.png\",\"datePublished\":\"2020-06-29T01:07:03+00:00\",\"dateModified\":\"2021-01-14T23:14:37+00:00\",\"breadcrumb\":{\"@id\":\"https:\/\/centrodata.com.br\/site\/institucional\/#breadcrumb\"},\"inLanguage\":\"pt-BR\",\"potentialAction\":[{\"@type\":\"ReadAction\",\"target\":[\"https:\/\/centrodata.com.br\/site\/institucional\/\"]}]},{\"@type\":\"ImageObject\",\"inLanguage\":\"pt-BR\",\"@id\":\"https:\/\/centrodata.com.br\/site\/institucional\/#primaryimage\",\"url\":\"https:\/\/i0.wp.com\/centrodata.com.br\/site\/wp-content\/uploads\/2020\/06\/centrodata-sistemas.png?fit=339%2C60&ssl=1\",\"contentUrl\":\"https:\/\/i0.wp.com\/centrodata.com.br\/site\/wp-content\/uploads\/2020\/06\/centrodata-sistemas.png?fit=339%2C60&ssl=1\",\"width\":339,\"height\":60},{\"@type\":\"BreadcrumbList\",\"@id\":\"https:\/\/centrodata.com.br\/site\/institucional\/#breadcrumb\",\"itemListElement\":[{\"@type\":\"ListItem\",\"position\":1,\"name\":\"In\u00edcio\",\"item\":\"https:\/\/centrodata.com.br\/site\/\"},{\"@type\":\"ListItem\",\"position\":2,\"name\":\"INSTITUCIONAL\"}]},{\"@type\":\"WebSite\",\"@id\":\"https:\/\/centrodata.com.br\/site\/#website\",\"url\":\"https:\/\/centrodata.com.br\/site\/\",\"name\":\"Centrodata Sistemas\",\"description\":\"Oferecemos para a sua empresa um amplo sistema de gest\u00e3o empresarial, modular, que se adequa a necessidade do seu neg\u00f3cio.\",\"publisher\":{\"@id\":\"https:\/\/centrodata.com.br\/site\/#organization\"},\"potentialAction\":[{\"@type\":\"SearchAction\",\"target\":{\"@type\":\"EntryPoint\",\"urlTemplate\":\"https:\/\/centrodata.com.br\/site\/?s={search_term_string}\"},\"query-input\":{\"@type\":\"PropertyValueSpecification\",\"valueRequired\":true,\"valueName\":\"search_term_string\"}}],\"inLanguage\":\"pt-BR\"},{\"@type\":\"Organization\",\"@id\":\"https:\/\/centrodata.com.br\/site\/#organization\",\"name\":\"Centrodata Sistemas\",\"url\":\"https:\/\/centrodata.com.br\/site\/\",\"logo\":{\"@type\":\"ImageObject\",\"inLanguage\":\"pt-BR\",\"@id\":\"https:\/\/centrodata.com.br\/site\/#\/schema\/logo\/image\/\",\"url\":\"https:\/\/i0.wp.com\/centrodata.com.br\/site\/wp-content\/uploads\/2021\/01\/centrodata-sistemas1-Copia.png?fit=413%2C393&ssl=1\",\"contentUrl\":\"https:\/\/i0.wp.com\/centrodata.com.br\/site\/wp-content\/uploads\/2021\/01\/centrodata-sistemas1-Copia.png?fit=413%2C393&ssl=1\",\"width\":413,\"height\":393,\"caption\":\"Centrodata Sistemas\"},\"image\":{\"@id\":\"https:\/\/centrodata.com.br\/site\/#\/schema\/logo\/image\/\"},\"sameAs\":[\"https:\/\/www.instagram.com\/centrodatasistemas\/\"]}]}<\/script>\n<!-- \/ Yoast SEO plugin. -->","yoast_head_json":{"title":"INSTITUCIONAL - Centrodata Sistemas","robots":{"index":"index","follow":"follow","max-snippet":"max-snippet:-1","max-image-preview":"max-image-preview:large","max-video-preview":"max-video-preview:-1"},"canonical":"https:\/\/centrodata.com.br\/site\/institucional\/","og_locale":"pt_BR","og_type":"article","og_title":"INSTITUCIONAL - Centrodata Sistemas","og_description":"(48) 3263-4087 comercial@centrodata.com.br HOME INSTITUCIONAL SISTEMA DE GEST\u00c3O INFORMATIVO CONTATO E DOWNLOAD FAQ INSTITUCIONAL Sistemas ERP Desenvolvimento de sistemas de gest\u00e3o empresarial O Futuro N\u00f3s preparamos sua empresa para o futuro Sistemas e Servi\u00e7os Oferecemos um conjunto de sistemas e servi\u00e7os ideais ideais para a gest\u00e3o de cada empresa Sobre n\u00f3s Fundada em 18 de [&hellip;]","og_url":"https:\/\/centrodata.com.br\/site\/institucional\/","og_site_name":"Centrodata Sistemas","article_publisher":"https:\/\/www.instagram.com\/centrodatasistemas\/","article_modified_time":"2021-01-14T23:14:37+00:00","og_image":[{"url":"http:\/\/centrodata.com.br\/site\/wp-content\/uploads\/2020\/06\/centrodata-sistemas.png","type":"","width":"","height":""}],"twitter_card":"summary_large_image","twitter_misc":{"Est. tempo de leitura":"1 minuto"},"schema":{"@context":"https:\/\/schema.org","@graph":[{"@type":"WebPage","@id":"https:\/\/centrodata.com.br\/site\/institucional\/","url":"https:\/\/centrodata.com.br\/site\/institucional\/","name":"INSTITUCIONAL - Centrodata Sistemas","isPartOf":{"@id":"https:\/\/centrodata.com.br\/site\/#website"},"primaryImageOfPage":{"@id":"https:\/\/centrodata.com.br\/site\/institucional\/#primaryimage"},"image":{"@id":"https:\/\/centrodata.com.br\/site\/institucional\/#primaryimage"},"thumbnailUrl":"http:\/\/centrodata.com.br\/site\/wp-content\/uploads\/2020\/06\/centrodata-sistemas.png","datePublished":"2020-06-29T01:07:03+00:00","dateModified":"2021-01-14T23:14:37+00:00","breadcrumb":{"@id":"https:\/\/centrodata.com.br\/site\/institucional\/#breadcrumb"},"inLanguage":"pt-BR","potentialAction":[{"@type":"ReadAction","target":["https:\/\/centrodata.com.br\/site\/institucional\/"]}]},{"@type":"ImageObject","inLanguage":"pt-BR","@id":"https:\/\/centrodata.com.br\/site\/institucional\/#primaryimage","url":"https:\/\/i0.wp.com\/centrodata.com.br\/site\/wp-content\/uploads\/2020\/06\/centrodata-sistemas.png?fit=339%2C60&ssl=1","contentUrl":"https:\/\/i0.wp.com\/centrodata.com.br\/site\/wp-content\/uploads\/2020\/06\/centrodata-sistemas.png?fit=339%2C60&ssl=1","width":339,"height":60},{"@type":"BreadcrumbList","@id":"https:\/\/centrodata.com.br\/site\/institucional\/#breadcrumb","itemListElement":[{"@type":"ListItem","position":1,"name":"In\u00edcio","item":"https:\/\/centrodata.com.br\/site\/"},{"@type":"ListItem","position":2,"name":"INSTITUCIONAL"}]},{"@type":"WebSite","@id":"https:\/\/centrodata.com.br\/site\/#website","url":"https:\/\/centrodata.com.br\/site\/","name":"Centrodata Sistemas","description":"Oferecemos para a sua empresa um amplo sistema de gest\u00e3o empresarial, modular, que se adequa a necessidade do seu neg\u00f3cio.","publisher":{"@id":"https:\/\/centrodata.com.br\/site\/#organization"},"potentialAction":[{"@type":"SearchAction","target":{"@type":"EntryPoint","urlTemplate":"https:\/\/centrodata.com.br\/site\/?s={search_term_string}"},"query-input":{"@type":"PropertyValueSpecification","valueRequired":true,"valueName":"search_term_string"}}],"inLanguage":"pt-BR"},{"@type":"Organization","@id":"https:\/\/centrodata.com.br\/site\/#organization","name":"Centrodata Sistemas","url":"https:\/\/centrodata.com.br\/site\/","logo":{"@type":"ImageObject","inLanguage":"pt-BR","@id":"https:\/\/centrodata.com.br\/site\/#\/schema\/logo\/image\/","url":"https:\/\/i0.wp.com\/centrodata.com.br\/site\/wp-content\/uploads\/2021\/01\/centrodata-sistemas1-Copia.png?fit=413%2C393&ssl=1","contentUrl":"https:\/\/i0.wp.com\/centrodata.com.br\/site\/wp-content\/uploads\/2021\/01\/centrodata-sistemas1-Copia.png?fit=413%2C393&ssl=1","width":413,"height":393,"caption":"Centrodata Sistemas"},"image":{"@id":"https:\/\/centrodata.com.br\/site\/#\/schema\/logo\/image\/"},"sameAs":["https:\/\/www.instagram.com\/centrodatasistemas\/"]}]}},"jetpack_sharing_enabled":true,"_links":{"self":[{"href":"https:\/\/centrodata.com.br\/site\/wp-json\/wp\/v2\/pages\/40"}],"collection":[{"href":"https:\/\/centrodata.com.br\/site\/wp-json\/wp\/v2\/pages"}],"about":[{"href":"https:\/\/centrodata.com.br\/site\/wp-json\/wp\/v2\/types\/page"}],"author":[{"embeddable":true,"href":"https:\/\/centrodata.com.br\/site\/wp-json\/wp\/v2\/users\/1"}],"replies":[{"embeddable":true,"href":"https:\/\/centrodata.com.br\/site\/wp-json\/wp\/v2\/comments?post=40"}],"version-history":[{"count":10,"href":"https:\/\/centrodata.com.br\/site\/wp-json\/wp\/v2\/pages\/40\/revisions"}],"predecessor-version":[{"id":194,"href":"https:\/\/centrodata.com.br\/site\/wp-json\/wp\/v2\/pages\/40\/revisions\/194"}],"wp:attachment":[{"href":"https:\/\/centrodata.com.br\/site\/wp-json\/wp\/v2\/media?parent=40"}],"curies":[{"name":"wp","href":"https:\/\/api.w.org\/{rel}","templated":true}]}}